{"id":934,"date":"2025-07-29T07:00:24","date_gmt":"2025-07-29T07:00:24","guid":{"rendered":"https:\/\/aimagis.com\/?post_type=product&#038;p=934"},"modified":"2025-10-18T14:23:45","modified_gmt":"2025-10-18T14:23:45","slug":"9dx1-sewer-inspection-camera","status":"publish","type":"product","link":"https:\/\/aimagis.com\/pt\/produto\/9dx1-sewer-inspection-camera\/","title":{"rendered":"9DX1 - C\u00e2mara de inspe\u00e7\u00e3o de esgotos"},"content":{"rendered":"<p><strong><b>Par\u00e2metros t\u00e9cnicos<\/b><\/strong><\/p>\n<table>\n<tbody>\n<tr>\n<td width=\"130\"><strong><b>Par\u00e2metro<\/b><\/strong><\/td>\n<td width=\"1039\"><strong><b>Detalhes<\/b><\/strong><\/td>\n<\/tr>\n<tr>\n<td width=\"130\">Transmissor 512HZ<\/td>\n<td width=\"1039\">Opcional<\/td>\n<\/tr>\n<tr>\n<td width=\"130\">Localizador 512HZ<\/td>\n<td width=\"1039\">Opcional<\/td>\n<\/tr>\n<tr>\n<td width=\"130\">Tamanho do ecr\u00e3<\/td>\n<td width=\"1039\">9&#8221;<\/td>\n<\/tr>\n<tr>\n<td width=\"130\">Resolu\u00e7\u00e3o do ecr\u00e3<\/td>\n<td width=\"1039\">800\u00d7480<\/td>\n<\/tr>\n<tr>\n<td width=\"130\">Cart\u00e3o de armazenamento<\/td>\n<td width=\"1039\">M\u00e1ximo 128G<\/td>\n<\/tr>\n<tr>\n<td width=\"130\">Comprimento do cabo<\/td>\n<td width=\"1039\">20m\/30m\/40m\/50m Opcional<\/td>\n<\/tr>\n<tr>\n<td width=\"130\">Di\u00e2metro do cabo<\/td>\n<td width=\"1039\">7mm<\/td>\n<\/tr>\n<tr>\n<td width=\"130\">Cores dos cabos<\/td>\n<td width=\"1039\">vermelho, amarelo, azul (opcional)<\/td>\n<\/tr>\n<tr>\n<td width=\"130\">Materiais para cabos<\/td>\n<td width=\"1039\">fibra de vidro<\/td>\n<\/tr>\n<tr>\n<td width=\"130\">Auto-nivelamento<\/td>\n<td width=\"1039\">Opcional<\/td>\n<\/tr>\n<tr>\n<td width=\"130\">Capacidade da bateria<\/td>\n<td width=\"1039\">4500mAh<\/td>\n<\/tr>\n<tr>\n<td width=\"130\">Contador de contadores<\/td>\n<td width=\"1039\">Opcional<\/td>\n<\/tr>\n<tr>\n<td width=\"130\">Luzes LED<\/td>\n<td width=\"1039\">12 unidades de luzes brancas<\/td>\n<\/tr>\n<tr>\n<td width=\"130\">\u00c2ngulo de visualiza\u00e7\u00e3o da c\u00e2mara<\/td>\n<td width=\"1039\">120\u00b0<\/td>\n<\/tr>\n<tr>\n<td width=\"130\">Tamanho da cabe\u00e7a de c\u00e2mara<\/td>\n<td width=\"1039\">23mm x 120mm<\/td>\n<\/tr>\n<tr>\n<td width=\"130\">Material da lente da c\u00e2mara<\/td>\n<td width=\"1039\">Vidro temperado<\/td>\n<\/tr>\n<tr>\n<td width=\"130\">Resolu\u00e7\u00e3o da c\u00e2mara<\/td>\n<td width=\"1039\">1000 TVL<\/td>\n<\/tr>\n<tr>\n<td width=\"130\">Fun\u00e7\u00e3o DVR<\/td>\n<td width=\"1039\">Opcional<\/td>\n<\/tr>\n<tr>\n<td width=\"130\">Formato de sa\u00edda<\/td>\n<td width=\"1039\">AVI, JPG<\/td>\n<\/tr>\n<tr>\n<td width=\"130\">\u00c0 prova de \u00e1gua<\/td>\n<td width=\"1039\">IP68<\/td>\n<\/tr>\n<tr>\n<td width=\"130\">Temperatura de trabalho<\/td>\n<td width=\"1039\">-20\u00b0C-60\u00b0C<\/td>\n<\/tr>\n<tr>\n<td width=\"130\">Materiais para rodas de carreto<\/td>\n<td width=\"1039\">Ferro galvanizado<\/td>\n<\/tr>\n<tr>\n<td width=\"130\">Materiais de caixa<\/td>\n<td width=\"1039\">Caixa de pl\u00e1stico ABS de engenharia<\/td>\n<\/tr>\n<\/tbody>\n<\/table>\n<p>&nbsp;<\/p>","protected":false},"excerpt":{"rendered":"<p>C\u00e2mara de inspe\u00e7\u00e3o de esgotos, ecr\u00e3 de 9 polegadas, 1000TVL, c\u00e2mara de 23 mm, 12 luzes LED, brilho ajust\u00e1vel.<\/p>\n<p><strong><b>Modelo n.\u00ba:<\/b><\/strong> TH110-9DX1<\/p>\n<p>Ecr\u00e3 de 9 polegadas, 1000TVL, c\u00e2mara de 23 mm, 12 luzes LED, brilho ajust\u00e1vel, \u00e2ngulo de visualiza\u00e7\u00e3o de 120\u00b0, \u00e0 prova de \u00e1gua IP68.<\/p>\n<p>DVR, contador de dist\u00e2ncia, comprimento do cabo 20-100 metros personalizado<\/p>\n<p>Transmissor e recetor de 512Hz opcional<\/p>","protected":false},"featured_media":935,"comment_status":"open","ping_status":"closed","template":"","meta":{"site-sidebar-layout":"default","site-content-layout":"","ast-site-content-layout":"default","site-content-style":"default","site-sidebar-style":"default","ast-global-header-display":"","ast-banner-title-visibility":"","ast-main-header-display":"","ast-hfb-above-header-display":"","ast-hfb-below-header-display":"","ast-hfb-mobile-header-display":"","site-post-title":"","ast-breadcrumbs-content":"","ast-featured-img":"","footer-sml-layout":"","theme-transparent-header-meta":"default","adv-header-id-meta":"","stick-header-meta":"default","header-above-stick-meta":"","header-main-stick-meta":"","header-below-stick-meta":"","astra-migrate-meta-layouts":"set","ast-page-background-enabled":"default","ast-page-background-meta":{"desktop":{"background-color":"var(--ast-global-color-4)","background-image":"","background-repeat":"repeat","background-position":"center center","background-size":"auto","background-attachment":"scroll","background-type":"","background-media":"","overlay-type":"","overlay-color":"","overlay-opacity":"","overlay-gradient":""},"tablet":{"background-color":"","background-image":"","background-repeat":"repeat","background-position":"center center","background-size":"auto","background-attachment":"scroll","background-type":"","background-media":"","overlay-type":"","overlay-color":"","overlay-opacity":"","overlay-gradient":""},"mobile":{"background-color":"","background-image":"","background-repeat":"repeat","background-position":"center center","background-size":"auto","background-attachment":"scroll","background-type":"","background-media":"","overlay-type":"","overlay-color":"","overlay-opacity":"","overlay-gradient":""}},"ast-content-background-meta":{"desktop":{"background-color":"var(--ast-global-color-5)","background-image":"","background-repeat":"repeat","background-position":"center center","background-size":"auto","background-attachment":"scroll","background-type":"","background-media":"","overlay-type":"","overlay-color":"","overlay-opacity":"","overlay-gradient":""},"tablet":{"background-color":"var(--ast-global-color-5)","background-image":"","background-repeat":"repeat","background-position":"center center","background-size":"auto","background-attachment":"scroll","background-type":"","background-media":"","overlay-type":"","overlay-color":"","overlay-opacity":"","overlay-gradient":""},"mobile":{"background-color":"var(--ast-global-color-5)","background-image":"","background-repeat":"repeat","background-position":"center center","background-size":"auto","background-attachment":"scroll","background-type":"","background-media":"","overlay-type":"","overlay-color":"","overlay-opacity":"","overlay-gradient":""}}},"product_brand":[],"product_cat":[43],"product_tag":[],"class_list":{"0":"post-934","1":"product","2":"type-product","3":"status-publish","4":"has-post-thumbnail","6":"product_cat-sewer-pipe-endoscope","7":"desktop-align-center","8":"tablet-align-center","9":"mobile-align-center","11":"first","12":"instock","13":"shipping-taxable","14":"purchasable","15":"product-type-simple"},"_links":{"self":[{"href":"https:\/\/aimagis.com\/pt\/wp-json\/wp\/v2\/product\/934","targetHints":{"allow":["GET"]}}],"collection":[{"href":"https:\/\/aimagis.com\/pt\/wp-json\/wp\/v2\/product"}],"about":[{"href":"https:\/\/aimagis.com\/pt\/wp-json\/wp\/v2\/types\/product"}],"replies":[{"embeddable":true,"href":"https:\/\/aimagis.com\/pt\/wp-json\/wp\/v2\/comments?post=934"}],"wp:featuredmedia":[{"embeddable":true,"href":"https:\/\/aimagis.com\/pt\/wp-json\/wp\/v2\/media\/935"}],"wp:attachment":[{"href":"https:\/\/aimagis.com\/pt\/wp-json\/wp\/v2\/media?parent=934"}],"wp:term":[{"taxonomy":"product_brand","embeddable":true,"href":"https:\/\/aimagis.com\/pt\/wp-json\/wp\/v2\/product_brand?post=934"},{"taxonomy":"product_cat","embeddable":true,"href":"https:\/\/aimagis.com\/pt\/wp-json\/wp\/v2\/product_cat?post=934"},{"taxonomy":"product_tag","embeddable":true,"href":"https:\/\/aimagis.com\/pt\/wp-json\/wp\/v2\/product_tag?post=934"}],"curies":[{"name":"wp","href":"https:\/\/api.w.org\/{rel}","templated":true}]}}