{"id":859,"date":"2025-07-22T17:25:43","date_gmt":"2025-07-22T17:25:43","guid":{"rendered":"https:\/\/aimagis.com\/?post_type=product&#038;p=859"},"modified":"2025-07-22T17:26:55","modified_gmt":"2025-07-22T17:26:55","slug":"4has-fish-finder-camera","status":"publish","type":"product","link":"https:\/\/aimagis.com\/pt\/produto\/4has-fish-finder-camera\/","title":{"rendered":"4HAS-C\u00e2mara de localiza\u00e7\u00e3o de peixes"},"content":{"rendered":"<p><strong><b>Par\u00e2metros t\u00e9cnicos<\/b><\/strong><\/p>\n<table>\n<tbody>\n<tr>\n<td width=\"277\"><strong><b>Par\u00e2metro<\/b><\/strong><\/td>\n<td width=\"892\"><strong><b>Detalhes<\/b><\/strong><\/td>\n<\/tr>\n<tr>\n<td width=\"277\"><strong><b>Dimens\u00f5es da c\u00e2mara<\/b><\/strong><\/td>\n<td width=\"892\">23mm\u00d735mm\uff08Carca\u00e7a de liga de alum\u00ednio de alta resist\u00eancia\uff09<\/td>\n<\/tr>\n<tr>\n<td width=\"277\"><strong><b>Pixel da c\u00e2mara<\/b><\/strong><\/td>\n<td width=\"892\">1000TVL<\/td>\n<\/tr>\n<tr>\n<td width=\"277\"><strong><b>Classifica\u00e7\u00e3o de impermeabilidade<\/b><\/strong><\/td>\n<td width=\"892\">IP68<\/td>\n<\/tr>\n<tr>\n<td width=\"277\"><strong><b>\u00c2ngulo de vis\u00e3o<\/b><\/strong><\/td>\n<td width=\"892\">\u00c2ngulo largo de 130<\/td>\n<\/tr>\n<tr>\n<td width=\"277\"><strong><b>Ecr\u00e3<\/b><\/strong><\/td>\n<td width=\"892\">Ecr\u00e3 LCD HD a cores de 4,3<\/td>\n<\/tr>\n<tr>\n<td width=\"277\"><strong><b>Resolu\u00e7\u00e3o do ecr\u00e3<\/b><\/strong><\/td>\n<td width=\"892\">480\u00d7272 \/ 480\u00d7800\uff08Suporte de modo duplo\uff09<\/td>\n<\/tr>\n<tr>\n<td width=\"277\"><strong><b>Fun\u00e7\u00e3o DVR<\/b><\/strong><\/td>\n<td width=\"892\">Opcional\uff08Formato de v\u00eddeo AVI, resolu\u00e7\u00e3o 720\u00d7576\uff09<\/td>\n<\/tr>\n<tr>\n<td width=\"277\"><strong><b>Armazenamento<\/b><\/strong><\/td>\n<td width=\"892\">Cart\u00e3o de mem\u00f3ria padr\u00e3o 8G\uff08Pr\u00e9-instalado\uff09<\/td>\n<\/tr>\n<tr>\n<td width=\"277\"><strong><b>Bateria<\/b><\/strong><\/td>\n<td width=\"892\">Bateria de i\u00f5es de l\u00edtio de 4000mAh incorporada<\/td>\n<\/tr>\n<tr>\n<td width=\"277\"><strong><b>Tempo de funcionamento cont\u00ednuo<\/b><\/strong><\/td>\n<td width=\"892\">4-6 horas<\/td>\n<\/tr>\n<\/tbody>\n<\/table>\n<p>&nbsp;<\/p>","protected":false},"excerpt":{"rendered":"<p>C\u00e2mara de localiza\u00e7\u00e3o de peixes com, C\u00e2mara subaqu\u00e1tica, Localizador de peixes no gelo.<\/p>\n<p><strong><b>Modelo n.\u00ba:<\/b><\/strong> TH110-4HAS<\/p>\n<p>Equipamento e material de pesca localizador de peixe com carretel de cabo 15M\/30M\/40M\/50M<\/p>\n<p><strong><b>Vis\u00e3o geral do produto<\/b><\/strong><\/p>\n<p>C\u00e2mara de 23 mm<\/p>\n<p>Ecr\u00e3 IPS HD a cores de 4,3 polegadas<\/p>\n<p>DVR opcional, captura de imagens, grava\u00e7\u00e3o de v\u00eddeo.<\/p>\n<p>Armazenamento de ficheiros<\/p>\n<p>8 luzes IR<\/p>\n<p>Di\u00e2metro do cabo: 1,55 mm<\/p>\n<p>Porta de carregamento tipo c<\/p>","protected":false},"featured_media":865,"comment_status":"open","ping_status":"closed","template":"","meta":{"site-sidebar-layout":"default","site-content-layout":"","ast-site-content-layout":"default","site-content-style":"default","site-sidebar-style":"default","ast-global-header-display":"","ast-banner-title-visibility":"","ast-main-header-display":"","ast-hfb-above-header-display":"","ast-hfb-below-header-display":"","ast-hfb-mobile-header-display":"","site-post-title":"","ast-breadcrumbs-content":"","ast-featured-img":"","footer-sml-layout":"","theme-transparent-header-meta":"default","adv-header-id-meta":"","stick-header-meta":"default","header-above-stick-meta":"","header-main-stick-meta":"","header-below-stick-meta":"","astra-migrate-meta-layouts":"set","ast-page-background-enabled":"default","ast-page-background-meta":{"desktop":{"background-color":"var(--ast-global-color-4)","background-image":"","background-repeat":"repeat","background-position":"center center","background-size":"auto","background-attachment":"scroll","background-type":"","background-media":"","overlay-type":"","overlay-color":"","overlay-opacity":"","overlay-gradient":""},"tablet":{"background-color":"","background-image":"","background-repeat":"repeat","background-position":"center center","background-size":"auto","background-attachment":"scroll","background-type":"","background-media":"","overlay-type":"","overlay-color":"","overlay-opacity":"","overlay-gradient":""},"mobile":{"background-color":"","background-image":"","background-repeat":"repeat","background-position":"center center","background-size":"auto","background-attachment":"scroll","background-type":"","background-media":"","overlay-type":"","overlay-color":"","overlay-opacity":"","overlay-gradient":""}},"ast-content-background-meta":{"desktop":{"background-color":"var(--ast-global-color-5)","background-image":"","background-repeat":"repeat","background-position":"center center","background-size":"auto","background-attachment":"scroll","background-type":"","background-media":"","overlay-type":"","overlay-color":"","overlay-opacity":"","overlay-gradient":""},"tablet":{"background-color":"var(--ast-global-color-5)","background-image":"","background-repeat":"repeat","background-position":"center center","background-size":"auto","background-attachment":"scroll","background-type":"","background-media":"","overlay-type":"","overlay-color":"","overlay-opacity":"","overlay-gradient":""},"mobile":{"background-color":"var(--ast-global-color-5)","background-image":"","background-repeat":"repeat","background-position":"center center","background-size":"auto","background-attachment":"scroll","background-type":"","background-media":"","overlay-type":"","overlay-color":"","overlay-opacity":"","overlay-gradient":""}}},"product_brand":[],"product_cat":[42],"product_tag":[],"class_list":{"0":"post-859","1":"product","2":"type-product","3":"status-publish","4":"has-post-thumbnail","6":"product_cat-submersible-fishing-camer","7":"desktop-align-center","8":"tablet-align-center","9":"mobile-align-center","11":"first","12":"instock","13":"shipping-taxable","14":"purchasable","15":"product-type-simple"},"_links":{"self":[{"href":"https:\/\/aimagis.com\/pt\/wp-json\/wp\/v2\/product\/859","targetHints":{"allow":["GET"]}}],"collection":[{"href":"https:\/\/aimagis.com\/pt\/wp-json\/wp\/v2\/product"}],"about":[{"href":"https:\/\/aimagis.com\/pt\/wp-json\/wp\/v2\/types\/product"}],"replies":[{"embeddable":true,"href":"https:\/\/aimagis.com\/pt\/wp-json\/wp\/v2\/comments?post=859"}],"wp:featuredmedia":[{"embeddable":true,"href":"https:\/\/aimagis.com\/pt\/wp-json\/wp\/v2\/media\/865"}],"wp:attachment":[{"href":"https:\/\/aimagis.com\/pt\/wp-json\/wp\/v2\/media?parent=859"}],"wp:term":[{"taxonomy":"product_brand","embeddable":true,"href":"https:\/\/aimagis.com\/pt\/wp-json\/wp\/v2\/product_brand?post=859"},{"taxonomy":"product_cat","embeddable":true,"href":"https:\/\/aimagis.com\/pt\/wp-json\/wp\/v2\/product_cat?post=859"},{"taxonomy":"product_tag","embeddable":true,"href":"https:\/\/aimagis.com\/pt\/wp-json\/wp\/v2\/product_tag?post=859"}],"curies":[{"name":"wp","href":"https:\/\/api.w.org\/{rel}","templated":true}]}}