{"id":820,"date":"2025-06-24T05:37:29","date_gmt":"2025-06-24T05:37:29","guid":{"rendered":"https:\/\/aimagis.com\/?page_id=820"},"modified":"2025-07-24T09:51:56","modified_gmt":"2025-07-24T09:51:56","slug":"installation-guide","status":"publish","type":"page","link":"https:\/\/aimagis.com\/pt\/installation-guide\/","title":{"rendered":"Guia de instala\u00e7\u00e3o"},"content":{"rendered":"<div data-elementor-type=\"wp-page\" data-elementor-id=\"820\" class=\"elementor elementor-820\" data-elementor-post-type=\"page\">\n\t\t\t\t<div class=\"elementor-element elementor-element-8430b93 e-flex e-con-boxed e-con e-parent\" data-id=\"8430b93\" data-element_type=\"container\">\n\t\t\t\t\t<div class=\"e-con-inner\">\n\t\t\t\t<div class=\"elementor-element elementor-element-1d798c1 elementor-widget elementor-widget-heading\" data-id=\"1d798c1\" data-element_type=\"widget\" data-widget_type=\"heading.default\">\n\t\t\t\t<div class=\"elementor-widget-container\">\n\t\t\t\t\t<h2 class=\"elementor-heading-title elementor-size-default\">Guia de instala\u00e7\u00e3o<\/h2>\t\t\t\t<\/div>\n\t\t\t\t<\/div>\n\t\t\t\t\t<\/div>\n\t\t\t\t<\/div>\n\t\t<div class=\"elementor-element elementor-element-8d68180 e-flex e-con-boxed e-con e-parent\" data-id=\"8d68180\" data-element_type=\"container\">\n\t\t\t\t\t<div class=\"e-con-inner\">\n\t\t\t\t<div class=\"elementor-element elementor-element-0f7ed3c elementor-widget elementor-widget-text-editor\" data-id=\"0f7ed3c\" data-element_type=\"widget\" data-widget_type=\"text-editor.default\">\n\t\t\t\t<div class=\"elementor-widget-container\">\n\t\t\t\t\t\t\t\t\t<p>Fornecemos manuais de instala\u00e7\u00e3o detalhados para c\u00e2maras de inspe\u00e7\u00e3o de tubos, c\u00e2maras de inspe\u00e7\u00e3o de furos, c\u00e2maras de inspe\u00e7\u00e3o de postes telesc\u00f3picos e c\u00e2maras de pesca subaqu\u00e1tica para o ajudar a instalar facilmente os nossos v\u00e1rios produtos. Os nossos manuais de instala\u00e7\u00e3o s\u00e3o meticulosamente preparados com passos claros e ilustrados com imagens, garantindo que pode concluir a montagem sem problemas.<\/p><p>Quer esteja a fazer a instala\u00e7\u00e3o pela primeira vez ou necessite de consultar passos detalhados, os nossos guias de instala\u00e7\u00e3o fornecer-lhe-\u00e3o um apoio abrangente. Cada passo inclui imagens e identifica\u00e7\u00e3o de pe\u00e7as para garantir que n\u00e3o se esquece de nenhum pormenor durante o processo de instala\u00e7\u00e3o.<\/p><p>Se tiver alguma d\u00favida ou precisar de mais assist\u00eancia, n\u00e3o hesite em contactar a equipa de apoio t\u00e9cnico da Aimagis.<\/p><h2><strong><b>C\u00e2maras de pesca subaqu\u00e1tica<\/b><\/strong><strong><b>\u00a0V\u00eddeo de instala\u00e7\u00e3o Introdu\u00e7\u00e3o<\/b><\/strong><\/h2><p>As c\u00e2maras da s\u00e9rie Aimaagis est\u00e3o dispon\u00edveis em v\u00e1rios estilos, mas os seus m\u00e9todos de instala\u00e7\u00e3o s\u00e3o muito semelhantes. Pode seguir o v\u00eddeo de instala\u00e7\u00e3o para instalar as suas c\u00e2maras. A instala\u00e7\u00e3o \u00e9 simples e f\u00e1cil de compreender.<\/p><p>\u00a0<\/p>\t\t\t\t\t\t\t\t<\/div>\n\t\t\t\t<\/div>\n\t\t\t\t\t<\/div>\n\t\t\t\t<\/div>\n\t\t<div class=\"elementor-element elementor-element-6a1669d e-flex e-con-boxed e-con e-parent\" data-id=\"6a1669d\" data-element_type=\"container\">\n\t\t\t\t\t<div class=\"e-con-inner\">\n\t\t\t\t<div class=\"elementor-element elementor-element-ea2ca95 elementor-widget elementor-widget-video\" data-id=\"ea2ca95\" data-element_type=\"widget\" data-settings=\"{&quot;youtube_url&quot;:&quot;https:\\\/\\\/www.youtube.com\\\/watch?v=XHOmBV4js_E&quot;,&quot;video_type&quot;:&quot;youtube&quot;,&quot;controls&quot;:&quot;yes&quot;}\" data-widget_type=\"video.default\">\n\t\t\t\t<div class=\"elementor-widget-container\">\n\t\t\t\t\t\t\t<div class=\"elementor-wrapper elementor-open-inline\">\n\t\t\t<div class=\"elementor-video\"><\/div>\t\t<\/div>\n\t\t\t\t\t\t<\/div>\n\t\t\t\t<\/div>\n\t\t\t\t\t<\/div>\n\t\t\t\t<\/div>\n\t\t\t\t<\/div>","protected":false},"excerpt":{"rendered":"<p>Installation Guide We provide detailed installation manuals for Pipe inspection cameras, Borehole inspection cameras, Telescopic pole inspection cameras and Underwater fishing cameras\u00a0to help you easily install our various products. Our installation manuals are meticulously prepared with clear steps and illustrated with images, ensuring you can complete the assembly smoothly. Whether you are installing for the [&hellip;]<\/p>","protected":false},"author":2,"featured_media":0,"parent":0,"menu_order":0,"comment_status":"closed","ping_status":"closed","template":"","meta":{"site-sidebar-layout":"no-sidebar","site-content-layout":"","ast-site-content-layout":"full-width-container","site-content-style":"default","site-sidebar-style":"default","ast-global-header-display":"","ast-banner-title-visibility":"","ast-main-header-display":"","ast-hfb-above-header-display":"","ast-hfb-below-header-display":"","ast-hfb-mobile-header-display":"","site-post-title":"disabled","ast-breadcrumbs-content":"","ast-featured-img":"disabled","footer-sml-layout":"","theme-transparent-header-meta":"","adv-header-id-meta":"","stick-header-meta":"","header-above-stick-meta":"","header-main-stick-meta":"","header-below-stick-meta":"","astra-migrate-meta-layouts":"default","ast-page-background-enabled":"default","ast-page-background-meta":{"desktop":{"background-color":"var(--ast-global-color-4)","background-image":"","background-repeat":"repeat","background-position":"center center","background-size":"auto","background-attachment":"scroll","background-type":"","background-media":"","overlay-type":"","overlay-color":"","overlay-opacity":"","overlay-gradient":""},"tablet":{"background-color":"","background-image":"","background-repeat":"repeat","background-position":"center center","background-size":"auto","background-attachment":"scroll","background-type":"","background-media":"","overlay-type":"","overlay-color":"","overlay-opacity":"","overlay-gradient":""},"mobile":{"background-color":"","background-image":"","background-repeat":"repeat","background-position":"center center","background-size":"auto","background-attachment":"scroll","background-type":"","background-media":"","overlay-type":"","overlay-color":"","overlay-opacity":"","overlay-gradient":""}},"ast-content-background-meta":{"desktop":{"background-color":"var(--ast-global-color-5)","background-image":"","background-repeat":"repeat","background-position":"center center","background-size":"auto","background-attachment":"scroll","background-type":"","background-media":"","overlay-type":"","overlay-color":"","overlay-opacity":"","overlay-gradient":""},"tablet":{"background-color":"var(--ast-global-color-5)","background-image":"","background-repeat":"repeat","background-position":"center center","background-size":"auto","background-attachment":"scroll","background-type":"","background-media":"","overlay-type":"","overlay-color":"","overlay-opacity":"","overlay-gradient":""},"mobile":{"background-color":"var(--ast-global-color-5)","background-image":"","background-repeat":"repeat","background-position":"center center","background-size":"auto","background-attachment":"scroll","background-type":"","background-media":"","overlay-type":"","overlay-color":"","overlay-opacity":"","overlay-gradient":""}},"footnotes":""},"class_list":["post-820","page","type-page","status-publish","hentry"],"_links":{"self":[{"href":"https:\/\/aimagis.com\/pt\/wp-json\/wp\/v2\/pages\/820","targetHints":{"allow":["GET"]}}],"collection":[{"href":"https:\/\/aimagis.com\/pt\/wp-json\/wp\/v2\/pages"}],"about":[{"href":"https:\/\/aimagis.com\/pt\/wp-json\/wp\/v2\/types\/page"}],"author":[{"embeddable":true,"href":"https:\/\/aimagis.com\/pt\/wp-json\/wp\/v2\/users\/2"}],"replies":[{"embeddable":true,"href":"https:\/\/aimagis.com\/pt\/wp-json\/wp\/v2\/comments?post=820"}],"version-history":[{"count":7,"href":"https:\/\/aimagis.com\/pt\/wp-json\/wp\/v2\/pages\/820\/revisions"}],"predecessor-version":[{"id":907,"href":"https:\/\/aimagis.com\/pt\/wp-json\/wp\/v2\/pages\/820\/revisions\/907"}],"wp:attachment":[{"href":"https:\/\/aimagis.com\/pt\/wp-json\/wp\/v2\/media?parent=820"}],"curies":[{"name":"wp","href":"https:\/\/api.w.org\/{rel}","templated":true}]}}