{"id":934,"date":"2025-07-29T07:00:24","date_gmt":"2025-07-29T07:00:24","guid":{"rendered":"https:\/\/aimagis.com\/?post_type=product&#038;p=934"},"modified":"2025-10-18T14:23:45","modified_gmt":"2025-10-18T14:23:45","slug":"9dx1-sewer-inspection-camera","status":"publish","type":"product","link":"https:\/\/aimagis.com\/es\/producto\/9dx1-sewer-inspection-camera\/","title":{"rendered":"9DX1-C\u00e1mara de inspecci\u00f3n de alcantarillado"},"content":{"rendered":"<p><strong><b>Par\u00e1metros t\u00e9cnicos<\/b><\/strong><\/p>\n<table>\n<tbody>\n<tr>\n<td width=\"130\"><strong><b>Par\u00e1metro<\/b><\/strong><\/td>\n<td width=\"1039\"><strong><b>Detalles<\/b><\/strong><\/td>\n<\/tr>\n<tr>\n<td width=\"130\">Transmisor 512HZ<\/td>\n<td width=\"1039\">Opcional<\/td>\n<\/tr>\n<tr>\n<td width=\"130\">Localizador 512HZ<\/td>\n<td width=\"1039\">Opcional<\/td>\n<\/tr>\n<tr>\n<td width=\"130\">Tama\u00f1o de la pantalla<\/td>\n<td width=\"1039\">9&#8221;<\/td>\n<\/tr>\n<tr>\n<td width=\"130\">Resoluci\u00f3n de pantalla<\/td>\n<td width=\"1039\">800\u00d7480<\/td>\n<\/tr>\n<tr>\n<td width=\"130\">Tarjeta de almacenamiento<\/td>\n<td width=\"1039\">M\u00e1ximo 128G<\/td>\n<\/tr>\n<tr>\n<td width=\"130\">Longitud del cable<\/td>\n<td width=\"1039\">20m\/30m\/40m\/50m Opcional<\/td>\n<\/tr>\n<tr>\n<td width=\"130\">Di\u00e1metro del cable<\/td>\n<td width=\"1039\">7 mm<\/td>\n<\/tr>\n<tr>\n<td width=\"130\">Colores de los cables<\/td>\n<td width=\"1039\">rojo, amarillo, azul (Opcional)<\/td>\n<\/tr>\n<tr>\n<td width=\"130\">Materiales para cables<\/td>\n<td width=\"1039\">fibra de vidrio<\/td>\n<\/tr>\n<tr>\n<td width=\"130\">Autonivelante<\/td>\n<td width=\"1039\">Opcional<\/td>\n<\/tr>\n<tr>\n<td width=\"130\">Capacidad de la bater\u00eda<\/td>\n<td width=\"1039\">4500mAh<\/td>\n<\/tr>\n<tr>\n<td width=\"130\">Contador<\/td>\n<td width=\"1039\">Opcional<\/td>\n<\/tr>\n<tr>\n<td width=\"130\">Luces LED<\/td>\n<td width=\"1039\">12 piezas de luces blancas<\/td>\n<\/tr>\n<tr>\n<td width=\"130\">\u00c1ngulo de visi\u00f3n de la c\u00e1mara<\/td>\n<td width=\"1039\">120\u00b0<\/td>\n<\/tr>\n<tr>\n<td width=\"130\">Tama\u00f1o del cabezal de la c\u00e1mara<\/td>\n<td width=\"1039\">23 mm x 120 mm<\/td>\n<\/tr>\n<tr>\n<td width=\"130\">Material de la lente de la c\u00e1mara<\/td>\n<td width=\"1039\">Cristal templado<\/td>\n<\/tr>\n<tr>\n<td width=\"130\">Resoluci\u00f3n de la c\u00e1mara<\/td>\n<td width=\"1039\">1000 TVL<\/td>\n<\/tr>\n<tr>\n<td width=\"130\">Funci\u00f3n DVR<\/td>\n<td width=\"1039\">Opcional<\/td>\n<\/tr>\n<tr>\n<td width=\"130\">Formato de salida<\/td>\n<td width=\"1039\">AVI, JPG<\/td>\n<\/tr>\n<tr>\n<td width=\"130\">Impermeable<\/td>\n<td width=\"1039\">IP68<\/td>\n<\/tr>\n<tr>\n<td width=\"130\">Temperatura de trabajo<\/td>\n<td width=\"1039\">-20\u00b0C-60\u00b0C<\/td>\n<\/tr>\n<tr>\n<td width=\"130\">Materiales de la rueda de carrete<\/td>\n<td width=\"1039\">Hierro galvanizado<\/td>\n<\/tr>\n<tr>\n<td width=\"130\">Materiales de caja<\/td>\n<td width=\"1039\">Caja de pl\u00e1stico ABS de ingenier\u00eda<\/td>\n<\/tr>\n<\/tbody>\n<\/table>\n<p>&nbsp;<\/p>","protected":false},"excerpt":{"rendered":"<p>Camara de Inspeccion de Alcantarillado , Pantalla de 9 pulgadas, 1000TVL, Camara de 23mm, 12 Luces LED, Brillo Ajustable.<\/p>\n<p><strong><b>Modelo No:<\/b><\/strong> TH110-9DX1<\/p>\n<p>Pantalla de 9 pulgadas, 1000TVL, c\u00e1mara de 23mm, 12 luces LED, brillo ajustable, \u00e1ngulo de visi\u00f3n 120\u00b0, IP68 resistente al agua.<\/p>\n<p>DVR, Contador de distancia, Longitud de cable 20-100 metros Personalizado<\/p>\n<p>Transmisor y receptor de 512 Hz opcional<\/p>","protected":false},"featured_media":935,"comment_status":"open","ping_status":"closed","template":"","meta":{"site-sidebar-layout":"default","site-content-layout":"","ast-site-content-layout":"default","site-content-style":"default","site-sidebar-style":"default","ast-global-header-display":"","ast-banner-title-visibility":"","ast-main-header-display":"","ast-hfb-above-header-display":"","ast-hfb-below-header-display":"","ast-hfb-mobile-header-display":"","site-post-title":"","ast-breadcrumbs-content":"","ast-featured-img":"","footer-sml-layout":"","theme-transparent-header-meta":"default","adv-header-id-meta":"","stick-header-meta":"default","header-above-stick-meta":"","header-main-stick-meta":"","header-below-stick-meta":"","astra-migrate-meta-layouts":"set","ast-page-background-enabled":"default","ast-page-background-meta":{"desktop":{"background-color":"var(--ast-global-color-4)","background-image":"","background-repeat":"repeat","background-position":"center center","background-size":"auto","background-attachment":"scroll","background-type":"","background-media":"","overlay-type":"","overlay-color":"","overlay-opacity":"","overlay-gradient":""},"tablet":{"background-color":"","background-image":"","background-repeat":"repeat","background-position":"center center","background-size":"auto","background-attachment":"scroll","background-type":"","background-media":"","overlay-type":"","overlay-color":"","overlay-opacity":"","overlay-gradient":""},"mobile":{"background-color":"","background-image":"","background-repeat":"repeat","background-position":"center center","background-size":"auto","background-attachment":"scroll","background-type":"","background-media":"","overlay-type":"","overlay-color":"","overlay-opacity":"","overlay-gradient":""}},"ast-content-background-meta":{"desktop":{"background-color":"var(--ast-global-color-5)","background-image":"","background-repeat":"repeat","background-position":"center center","background-size":"auto","background-attachment":"scroll","background-type":"","background-media":"","overlay-type":"","overlay-color":"","overlay-opacity":"","overlay-gradient":""},"tablet":{"background-color":"var(--ast-global-color-5)","background-image":"","background-repeat":"repeat","background-position":"center center","background-size":"auto","background-attachment":"scroll","background-type":"","background-media":"","overlay-type":"","overlay-color":"","overlay-opacity":"","overlay-gradient":""},"mobile":{"background-color":"var(--ast-global-color-5)","background-image":"","background-repeat":"repeat","background-position":"center center","background-size":"auto","background-attachment":"scroll","background-type":"","background-media":"","overlay-type":"","overlay-color":"","overlay-opacity":"","overlay-gradient":""}}},"product_brand":[],"product_cat":[43],"product_tag":[],"class_list":{"0":"post-934","1":"product","2":"type-product","3":"status-publish","4":"has-post-thumbnail","6":"product_cat-sewer-pipe-endoscope","7":"desktop-align-center","8":"tablet-align-center","9":"mobile-align-center","11":"first","12":"instock","13":"shipping-taxable","14":"purchasable","15":"product-type-simple"},"_links":{"self":[{"href":"https:\/\/aimagis.com\/es\/wp-json\/wp\/v2\/product\/934","targetHints":{"allow":["GET"]}}],"collection":[{"href":"https:\/\/aimagis.com\/es\/wp-json\/wp\/v2\/product"}],"about":[{"href":"https:\/\/aimagis.com\/es\/wp-json\/wp\/v2\/types\/product"}],"replies":[{"embeddable":true,"href":"https:\/\/aimagis.com\/es\/wp-json\/wp\/v2\/comments?post=934"}],"wp:featuredmedia":[{"embeddable":true,"href":"https:\/\/aimagis.com\/es\/wp-json\/wp\/v2\/media\/935"}],"wp:attachment":[{"href":"https:\/\/aimagis.com\/es\/wp-json\/wp\/v2\/media?parent=934"}],"wp:term":[{"taxonomy":"product_brand","embeddable":true,"href":"https:\/\/aimagis.com\/es\/wp-json\/wp\/v2\/product_brand?post=934"},{"taxonomy":"product_cat","embeddable":true,"href":"https:\/\/aimagis.com\/es\/wp-json\/wp\/v2\/product_cat?post=934"},{"taxonomy":"product_tag","embeddable":true,"href":"https:\/\/aimagis.com\/es\/wp-json\/wp\/v2\/product_tag?post=934"}],"curies":[{"name":"wp","href":"https:\/\/api.w.org\/{rel}","templated":true}]}}