{"id":918,"date":"2025-07-29T06:45:28","date_gmt":"2025-07-29T06:45:28","guid":{"rendered":"https:\/\/aimagis.com\/?post_type=product&#038;p=918"},"modified":"2025-07-29T06:45:28","modified_gmt":"2025-07-29T06:45:28","slug":"9dx7-sewer-inspection-camera","status":"publish","type":"product","link":"https:\/\/aimagis.com\/es\/producto\/9dx7-sewer-inspection-camera\/","title":{"rendered":"9DX7-C\u00e1mara de inspecci\u00f3n de alcantarillado"},"content":{"rendered":"<p><strong><b>Par\u00e1metros t\u00e9cnicos<\/b><\/strong><\/p>\n<table>\n<tbody>\n<tr>\n<td width=\"136\"><strong><b>Par\u00e1metro<\/b><\/strong><\/td>\n<td width=\"1033\"><strong><b>Detalles<\/b><\/strong><\/td>\n<\/tr>\n<tr>\n<td width=\"136\">Transmisor 512HZ<\/td>\n<td width=\"1033\">Opcional<\/td>\n<\/tr>\n<tr>\n<td width=\"136\">Localizador 512HZ<\/td>\n<td width=\"1033\">Opcional<\/td>\n<\/tr>\n<tr>\n<td width=\"136\">Tama\u00f1o de la pantalla<\/td>\n<td width=\"1033\">10\"<\/td>\n<\/tr>\n<tr>\n<td width=\"136\">Resoluci\u00f3n de pantalla<\/td>\n<td width=\"1033\">1024\u00d7600<\/td>\n<\/tr>\n<tr>\n<td width=\"136\">Tarjeta de almacenamiento<\/td>\n<td width=\"1033\">8G - M\u00e1x 16G<\/td>\n<\/tr>\n<tr>\n<td width=\"136\">Longitud del cable<\/td>\n<td width=\"1033\">20m\/30m\/40m\/50m Opcional<\/td>\n<\/tr>\n<tr>\n<td width=\"136\">Di\u00e1metro del cable<\/td>\n<td width=\"1033\">4.9MM<\/td>\n<\/tr>\n<tr>\n<td width=\"136\">Colores de los cables<\/td>\n<td width=\"1033\">Rojo, amarillo, azul (opcional)<\/td>\n<\/tr>\n<tr>\n<td width=\"136\">Materiales para cables<\/td>\n<td width=\"1033\">Fibra de vidrio<\/td>\n<\/tr>\n<tr>\n<td width=\"136\">Autonivelante<\/td>\n<td width=\"1033\">Opcional<\/td>\n<\/tr>\n<tr>\n<td width=\"136\">Capacidad de la bater\u00eda<\/td>\n<td width=\"1033\">4500mAh<\/td>\n<\/tr>\n<tr>\n<td width=\"136\">Contador<\/td>\n<td width=\"1033\">Opcional<\/td>\n<\/tr>\n<tr>\n<td width=\"136\">Luces LED<\/td>\n<td width=\"1033\">12 piezas de luces blancas<\/td>\n<\/tr>\n<tr>\n<td width=\"136\">\u00c1ngulo de visi\u00f3n de la c\u00e1mara<\/td>\n<td width=\"1033\">120\u00b0<\/td>\n<\/tr>\n<tr>\n<td width=\"136\">Tama\u00f1o del cabezal de la c\u00e1mara<\/td>\n<td width=\"1033\">23 mm x 120 mm<\/td>\n<\/tr>\n<tr>\n<td width=\"136\">Material de la lente de la c\u00e1mara<\/td>\n<td width=\"1033\">Cristal templado (zafiro)<\/td>\n<\/tr>\n<tr>\n<td width=\"136\">Resoluci\u00f3n de la c\u00e1mara<\/td>\n<td width=\"1033\">1000 TVL<\/td>\n<\/tr>\n<tr>\n<td width=\"136\">Funci\u00f3n DVR<\/td>\n<td width=\"1033\">Opcional<\/td>\n<\/tr>\n<tr>\n<td width=\"136\">Formato de salida<\/td>\n<td width=\"1033\">AVI, JPG<\/td>\n<\/tr>\n<tr>\n<td width=\"136\">Puerto de datos<\/td>\n<td width=\"1033\">Ranura para tarjetas de memoria<\/td>\n<\/tr>\n<tr>\n<td width=\"136\">Impermeable<\/td>\n<td width=\"1033\">IP68<\/td>\n<\/tr>\n<tr>\n<td width=\"136\">Temperatura de trabajo<\/td>\n<td width=\"1033\">-20\u00b0C-60\u00b0C<\/td>\n<\/tr>\n<tr>\n<td width=\"136\">Materiales de la rueda de carrete<\/td>\n<td width=\"1033\">Hierro galvanizado<\/td>\n<\/tr>\n<tr>\n<td width=\"136\">Materiales de caja<\/td>\n<td width=\"1033\">Caja de aluminio<\/td>\n<\/tr>\n<\/tbody>\n<\/table>\n<p>&nbsp;<\/p>","protected":false},"excerpt":{"rendered":"<p>Pantalla de 9\", Herramienta profesional de fontaner\u00eda c\u00e1mara telesc\u00f3pica, c\u00e1mara de alcantarillado para inspecci\u00f3n.<\/p>\n<p><strong><b>Modelo N\u00ba: TH<\/b><\/strong>110-9DX7<\/p>\n<p>Herramienta profesional de fontaner\u00eda c\u00e1mara telesc\u00f3pica c\u00e1mara de alcantarillado para inspecci\u00f3n, carrete de cable horizontal integral con estuche de mano.<\/p>","protected":false},"featured_media":919,"comment_status":"open","ping_status":"closed","template":"","meta":{"site-sidebar-layout":"default","site-content-layout":"","ast-site-content-layout":"default","site-content-style":"default","site-sidebar-style":"default","ast-global-header-display":"","ast-banner-title-visibility":"","ast-main-header-display":"","ast-hfb-above-header-display":"","ast-hfb-below-header-display":"","ast-hfb-mobile-header-display":"","site-post-title":"","ast-breadcrumbs-content":"","ast-featured-img":"","footer-sml-layout":"","theme-transparent-header-meta":"default","adv-header-id-meta":"","stick-header-meta":"default","header-above-stick-meta":"","header-main-stick-meta":"","header-below-stick-meta":"","astra-migrate-meta-layouts":"set","ast-page-background-enabled":"default","ast-page-background-meta":{"desktop":{"background-color":"var(--ast-global-color-4)","background-image":"","background-repeat":"repeat","background-position":"center center","background-size":"auto","background-attachment":"scroll","background-type":"","background-media":"","overlay-type":"","overlay-color":"","overlay-opacity":"","overlay-gradient":""},"tablet":{"background-color":"","background-image":"","background-repeat":"repeat","background-position":"center center","background-size":"auto","background-attachment":"scroll","background-type":"","background-media":"","overlay-type":"","overlay-color":"","overlay-opacity":"","overlay-gradient":""},"mobile":{"background-color":"","background-image":"","background-repeat":"repeat","background-position":"center center","background-size":"auto","background-attachment":"scroll","background-type":"","background-media":"","overlay-type":"","overlay-color":"","overlay-opacity":"","overlay-gradient":""}},"ast-content-background-meta":{"desktop":{"background-color":"var(--ast-global-color-5)","background-image":"","background-repeat":"repeat","background-position":"center center","background-size":"auto","background-attachment":"scroll","background-type":"","background-media":"","overlay-type":"","overlay-color":"","overlay-opacity":"","overlay-gradient":""},"tablet":{"background-color":"var(--ast-global-color-5)","background-image":"","background-repeat":"repeat","background-position":"center center","background-size":"auto","background-attachment":"scroll","background-type":"","background-media":"","overlay-type":"","overlay-color":"","overlay-opacity":"","overlay-gradient":""},"mobile":{"background-color":"var(--ast-global-color-5)","background-image":"","background-repeat":"repeat","background-position":"center center","background-size":"auto","background-attachment":"scroll","background-type":"","background-media":"","overlay-type":"","overlay-color":"","overlay-opacity":"","overlay-gradient":""}}},"product_brand":[],"product_cat":[43],"product_tag":[],"class_list":{"0":"post-918","1":"product","2":"type-product","3":"status-publish","4":"has-post-thumbnail","6":"product_cat-sewer-pipe-endoscope","7":"desktop-align-center","8":"tablet-align-center","9":"mobile-align-center","11":"first","12":"instock","13":"shipping-taxable","14":"purchasable","15":"product-type-simple"},"_links":{"self":[{"href":"https:\/\/aimagis.com\/es\/wp-json\/wp\/v2\/product\/918","targetHints":{"allow":["GET"]}}],"collection":[{"href":"https:\/\/aimagis.com\/es\/wp-json\/wp\/v2\/product"}],"about":[{"href":"https:\/\/aimagis.com\/es\/wp-json\/wp\/v2\/types\/product"}],"replies":[{"embeddable":true,"href":"https:\/\/aimagis.com\/es\/wp-json\/wp\/v2\/comments?post=918"}],"wp:featuredmedia":[{"embeddable":true,"href":"https:\/\/aimagis.com\/es\/wp-json\/wp\/v2\/media\/919"}],"wp:attachment":[{"href":"https:\/\/aimagis.com\/es\/wp-json\/wp\/v2\/media?parent=918"}],"wp:term":[{"taxonomy":"product_brand","embeddable":true,"href":"https:\/\/aimagis.com\/es\/wp-json\/wp\/v2\/product_brand?post=918"},{"taxonomy":"product_cat","embeddable":true,"href":"https:\/\/aimagis.com\/es\/wp-json\/wp\/v2\/product_cat?post=918"},{"taxonomy":"product_tag","embeddable":true,"href":"https:\/\/aimagis.com\/es\/wp-json\/wp\/v2\/product_tag?post=918"}],"curies":[{"name":"wp","href":"https:\/\/api.w.org\/{rel}","templated":true}]}}