{"id":859,"date":"2025-07-22T17:25:43","date_gmt":"2025-07-22T17:25:43","guid":{"rendered":"https:\/\/aimagis.com\/?post_type=product&#038;p=859"},"modified":"2025-07-22T17:26:55","modified_gmt":"2025-07-22T17:26:55","slug":"4has-fish-finder-camera","status":"publish","type":"product","link":"https:\/\/aimagis.com\/es\/producto\/4has-fish-finder-camera\/","title":{"rendered":"4HAS-C\u00e1mara localizadora de peces"},"content":{"rendered":"<p><strong><b>Par\u00e1metros t\u00e9cnicos<\/b><\/strong><\/p>\n<table>\n<tbody>\n<tr>\n<td width=\"277\"><strong><b>Par\u00e1metro<\/b><\/strong><\/td>\n<td width=\"892\"><strong><b>Detalles<\/b><\/strong><\/td>\n<\/tr>\n<tr>\n<td width=\"277\"><strong><b>Dimensiones de la c\u00e1mara<\/b><\/strong><\/td>\n<td width=\"892\">23mm\u00d735mm\uff08Carcasa de aleaci\u00f3n de aluminio de alta resistencia\uff09<\/td>\n<\/tr>\n<tr>\n<td width=\"277\"><strong><b>P\u00edxel de la c\u00e1mara<\/b><\/strong><\/td>\n<td width=\"892\">1000TVL<\/td>\n<\/tr>\n<tr>\n<td width=\"277\"><strong><b>Grado de impermeabilidad<\/b><\/strong><\/td>\n<td width=\"892\">IP68<\/td>\n<\/tr>\n<tr>\n<td width=\"277\"><strong><b>\u00c1ngulo de visi\u00f3n<\/b><\/strong><\/td>\n<td width=\"892\">Gran Angular 130<\/td>\n<\/tr>\n<tr>\n<td width=\"277\"><strong><b>Mostrar<\/b><\/strong><\/td>\n<td width=\"892\">Pantalla LCD HD en color de 4,3<\/td>\n<\/tr>\n<tr>\n<td width=\"277\"><strong><b>Resoluci\u00f3n de pantalla<\/b><\/strong><\/td>\n<td width=\"892\">480\u00d7272 \/ 480\u00d7800\uff08Soporte de modo dual\uff09<\/td>\n<\/tr>\n<tr>\n<td width=\"277\"><strong><b>Funci\u00f3n DVR<\/b><\/strong><\/td>\n<td width=\"892\">Opcional\uff08Formato de v\u00eddeo AVI, resoluci\u00f3n 720\u00d7576\uff09<\/td>\n<\/tr>\n<tr>\n<td width=\"277\"><strong><b>Almacenamiento<\/b><\/strong><\/td>\n<td width=\"892\">Tarjeta de memoria est\u00e1ndar de 8G\uff08Preinstalada\uff09<\/td>\n<\/tr>\n<tr>\n<td width=\"277\"><strong><b>Bater\u00eda<\/b><\/strong><\/td>\n<td width=\"892\">Bater\u00eda de iones de litio de 4000 mAh integrada<\/td>\n<\/tr>\n<tr>\n<td width=\"277\"><strong><b>Tiempo de funcionamiento continuo<\/b><\/strong><\/td>\n<td width=\"892\">4-6 horas<\/td>\n<\/tr>\n<\/tbody>\n<\/table>\n<p>&nbsp;<\/p>","protected":false},"excerpt":{"rendered":"<p>C\u00e1mara con Buscador de Peces, C\u00e1mara Subacu\u00e1tica, Buscador de Peces de Hielo.<\/p>\n<p><strong><b>Modelo No:<\/b><\/strong> TH110-4HAS<\/p>\n<p>Artes y equipos de pesca en vivo buscador de peces alcance con 15M\/30M\/40M\/50M carrete de cable<\/p>\n<p><strong><b>Productos<\/b><\/strong><\/p>\n<p>C\u00e1mara de 23 mm<\/p>\n<p>Pantalla IPS HD en color de 4,3<\/p>\n<p>DVR opcional, captura de im\u00e1genes, grabaci\u00f3n de v\u00eddeo.<\/p>\n<p>Almacenamiento de archivos<\/p>\n<p>8 luces IR<\/p>\n<p>Di\u00e1metro del cable: 1,55 mm<\/p>\n<p>Puerto de carga de tipo C<\/p>","protected":false},"featured_media":865,"comment_status":"open","ping_status":"closed","template":"","meta":{"site-sidebar-layout":"default","site-content-layout":"","ast-site-content-layout":"default","site-content-style":"default","site-sidebar-style":"default","ast-global-header-display":"","ast-banner-title-visibility":"","ast-main-header-display":"","ast-hfb-above-header-display":"","ast-hfb-below-header-display":"","ast-hfb-mobile-header-display":"","site-post-title":"","ast-breadcrumbs-content":"","ast-featured-img":"","footer-sml-layout":"","theme-transparent-header-meta":"default","adv-header-id-meta":"","stick-header-meta":"default","header-above-stick-meta":"","header-main-stick-meta":"","header-below-stick-meta":"","astra-migrate-meta-layouts":"set","ast-page-background-enabled":"default","ast-page-background-meta":{"desktop":{"background-color":"var(--ast-global-color-4)","background-image":"","background-repeat":"repeat","background-position":"center center","background-size":"auto","background-attachment":"scroll","background-type":"","background-media":"","overlay-type":"","overlay-color":"","overlay-opacity":"","overlay-gradient":""},"tablet":{"background-color":"","background-image":"","background-repeat":"repeat","background-position":"center center","background-size":"auto","background-attachment":"scroll","background-type":"","background-media":"","overlay-type":"","overlay-color":"","overlay-opacity":"","overlay-gradient":""},"mobile":{"background-color":"","background-image":"","background-repeat":"repeat","background-position":"center center","background-size":"auto","background-attachment":"scroll","background-type":"","background-media":"","overlay-type":"","overlay-color":"","overlay-opacity":"","overlay-gradient":""}},"ast-content-background-meta":{"desktop":{"background-color":"var(--ast-global-color-5)","background-image":"","background-repeat":"repeat","background-position":"center center","background-size":"auto","background-attachment":"scroll","background-type":"","background-media":"","overlay-type":"","overlay-color":"","overlay-opacity":"","overlay-gradient":""},"tablet":{"background-color":"var(--ast-global-color-5)","background-image":"","background-repeat":"repeat","background-position":"center center","background-size":"auto","background-attachment":"scroll","background-type":"","background-media":"","overlay-type":"","overlay-color":"","overlay-opacity":"","overlay-gradient":""},"mobile":{"background-color":"var(--ast-global-color-5)","background-image":"","background-repeat":"repeat","background-position":"center center","background-size":"auto","background-attachment":"scroll","background-type":"","background-media":"","overlay-type":"","overlay-color":"","overlay-opacity":"","overlay-gradient":""}}},"product_brand":[],"product_cat":[42],"product_tag":[],"class_list":{"0":"post-859","1":"product","2":"type-product","3":"status-publish","4":"has-post-thumbnail","6":"product_cat-submersible-fishing-camer","7":"desktop-align-center","8":"tablet-align-center","9":"mobile-align-center","11":"first","12":"instock","13":"shipping-taxable","14":"purchasable","15":"product-type-simple"},"_links":{"self":[{"href":"https:\/\/aimagis.com\/es\/wp-json\/wp\/v2\/product\/859","targetHints":{"allow":["GET"]}}],"collection":[{"href":"https:\/\/aimagis.com\/es\/wp-json\/wp\/v2\/product"}],"about":[{"href":"https:\/\/aimagis.com\/es\/wp-json\/wp\/v2\/types\/product"}],"replies":[{"embeddable":true,"href":"https:\/\/aimagis.com\/es\/wp-json\/wp\/v2\/comments?post=859"}],"wp:featuredmedia":[{"embeddable":true,"href":"https:\/\/aimagis.com\/es\/wp-json\/wp\/v2\/media\/865"}],"wp:attachment":[{"href":"https:\/\/aimagis.com\/es\/wp-json\/wp\/v2\/media?parent=859"}],"wp:term":[{"taxonomy":"product_brand","embeddable":true,"href":"https:\/\/aimagis.com\/es\/wp-json\/wp\/v2\/product_brand?post=859"},{"taxonomy":"product_cat","embeddable":true,"href":"https:\/\/aimagis.com\/es\/wp-json\/wp\/v2\/product_cat?post=859"},{"taxonomy":"product_tag","embeddable":true,"href":"https:\/\/aimagis.com\/es\/wp-json\/wp\/v2\/product_tag?post=859"}],"curies":[{"name":"wp","href":"https:\/\/api.w.org\/{rel}","templated":true}]}}