{"id":820,"date":"2025-06-24T05:37:29","date_gmt":"2025-06-24T05:37:29","guid":{"rendered":"https:\/\/aimagis.com\/?page_id=820"},"modified":"2025-07-24T09:51:56","modified_gmt":"2025-07-24T09:51:56","slug":"installation-guide","status":"publish","type":"page","link":"https:\/\/aimagis.com\/es\/installation-guide\/","title":{"rendered":"Gu\u00eda de instalaci\u00f3n"},"content":{"rendered":"<div data-elementor-type=\"wp-page\" data-elementor-id=\"820\" class=\"elementor elementor-820\" data-elementor-post-type=\"page\">\n\t\t\t\t<div class=\"elementor-element elementor-element-8430b93 e-flex e-con-boxed e-con e-parent\" data-id=\"8430b93\" data-element_type=\"container\">\n\t\t\t\t\t<div class=\"e-con-inner\">\n\t\t\t\t<div class=\"elementor-element elementor-element-1d798c1 elementor-widget elementor-widget-heading\" data-id=\"1d798c1\" data-element_type=\"widget\" data-widget_type=\"heading.default\">\n\t\t\t\t<div class=\"elementor-widget-container\">\n\t\t\t\t\t<h2 class=\"elementor-heading-title elementor-size-default\">Gu\u00eda de instalaci\u00f3n<\/h2>\t\t\t\t<\/div>\n\t\t\t\t<\/div>\n\t\t\t\t\t<\/div>\n\t\t\t\t<\/div>\n\t\t<div class=\"elementor-element elementor-element-8d68180 e-flex e-con-boxed e-con e-parent\" data-id=\"8d68180\" data-element_type=\"container\">\n\t\t\t\t\t<div class=\"e-con-inner\">\n\t\t\t\t<div class=\"elementor-element elementor-element-0f7ed3c elementor-widget elementor-widget-text-editor\" data-id=\"0f7ed3c\" data-element_type=\"widget\" data-widget_type=\"text-editor.default\">\n\t\t\t\t<div class=\"elementor-widget-container\">\n\t\t\t\t\t\t\t\t\t<p>Proporcionamos manuales de instalaci\u00f3n detallados para c\u00e1maras de inspecci\u00f3n de tuber\u00edas, c\u00e1maras de inspecci\u00f3n de perforaciones, c\u00e1maras de inspecci\u00f3n de postes telesc\u00f3picos y c\u00e1maras de pesca submarina para ayudarle a instalar f\u00e1cilmente nuestros diversos productos. Nuestros manuales de instalaci\u00f3n est\u00e1n meticulosamente preparados con pasos claros e ilustrados con im\u00e1genes, lo que garantiza que pueda completar el montaje sin problemas.<\/p><p>Tanto si realiza la instalaci\u00f3n por primera vez como si necesita consultar pasos detallados, nuestras gu\u00edas de instalaci\u00f3n le proporcionar\u00e1n una ayuda completa. Cada paso incluye im\u00e1genes e identificaci\u00f3n de piezas para que no se le escape ning\u00fan detalle durante el proceso de instalaci\u00f3n.<\/p><p>Si tiene alguna pregunta o necesita m\u00e1s ayuda, no dude en ponerse en contacto con el equipo de asistencia t\u00e9cnica de Aimagis.<\/p><h2><strong><b>C\u00e1maras de pesca submarina<\/b><\/strong><strong><b>\u00a0V\u00eddeo de instalaci\u00f3n Introducci\u00f3n<\/b><\/strong><\/h2><p>Las c\u00e1maras de la serie Aimaagis vienen en varios estilos, pero sus m\u00e9todos de instalaci\u00f3n son muy similares. Puede seguir el v\u00eddeo de instalaci\u00f3n para instalar sus c\u00e1maras, La instalaci\u00f3n es sencilla y f\u00e1cil de entender.<\/p><p>\u00a0<\/p>\t\t\t\t\t\t\t\t<\/div>\n\t\t\t\t<\/div>\n\t\t\t\t\t<\/div>\n\t\t\t\t<\/div>\n\t\t<div class=\"elementor-element elementor-element-6a1669d e-flex e-con-boxed e-con e-parent\" data-id=\"6a1669d\" data-element_type=\"container\">\n\t\t\t\t\t<div class=\"e-con-inner\">\n\t\t\t\t<div class=\"elementor-element elementor-element-ea2ca95 elementor-widget elementor-widget-video\" data-id=\"ea2ca95\" data-element_type=\"widget\" data-settings=\"{&quot;youtube_url&quot;:&quot;https:\\\/\\\/www.youtube.com\\\/watch?v=XHOmBV4js_E&quot;,&quot;video_type&quot;:&quot;youtube&quot;,&quot;controls&quot;:&quot;yes&quot;}\" data-widget_type=\"video.default\">\n\t\t\t\t<div class=\"elementor-widget-container\">\n\t\t\t\t\t\t\t<div class=\"elementor-wrapper elementor-open-inline\">\n\t\t\t<div class=\"elementor-video\"><\/div>\t\t<\/div>\n\t\t\t\t\t\t<\/div>\n\t\t\t\t<\/div>\n\t\t\t\t\t<\/div>\n\t\t\t\t<\/div>\n\t\t\t\t<\/div>","protected":false},"excerpt":{"rendered":"<p>Installation Guide We provide detailed installation manuals for Pipe inspection cameras, Borehole inspection cameras, Telescopic pole inspection cameras and Underwater fishing cameras\u00a0to help you easily install our various products. Our installation manuals are meticulously prepared with clear steps and illustrated with images, ensuring you can complete the assembly smoothly. Whether you are installing for the [&hellip;]<\/p>","protected":false},"author":2,"featured_media":0,"parent":0,"menu_order":0,"comment_status":"closed","ping_status":"closed","template":"","meta":{"site-sidebar-layout":"no-sidebar","site-content-layout":"","ast-site-content-layout":"full-width-container","site-content-style":"default","site-sidebar-style":"default","ast-global-header-display":"","ast-banner-title-visibility":"","ast-main-header-display":"","ast-hfb-above-header-display":"","ast-hfb-below-header-display":"","ast-hfb-mobile-header-display":"","site-post-title":"disabled","ast-breadcrumbs-content":"","ast-featured-img":"disabled","footer-sml-layout":"","theme-transparent-header-meta":"","adv-header-id-meta":"","stick-header-meta":"","header-above-stick-meta":"","header-main-stick-meta":"","header-below-stick-meta":"","astra-migrate-meta-layouts":"default","ast-page-background-enabled":"default","ast-page-background-meta":{"desktop":{"background-color":"var(--ast-global-color-4)","background-image":"","background-repeat":"repeat","background-position":"center center","background-size":"auto","background-attachment":"scroll","background-type":"","background-media":"","overlay-type":"","overlay-color":"","overlay-opacity":"","overlay-gradient":""},"tablet":{"background-color":"","background-image":"","background-repeat":"repeat","background-position":"center center","background-size":"auto","background-attachment":"scroll","background-type":"","background-media":"","overlay-type":"","overlay-color":"","overlay-opacity":"","overlay-gradient":""},"mobile":{"background-color":"","background-image":"","background-repeat":"repeat","background-position":"center center","background-size":"auto","background-attachment":"scroll","background-type":"","background-media":"","overlay-type":"","overlay-color":"","overlay-opacity":"","overlay-gradient":""}},"ast-content-background-meta":{"desktop":{"background-color":"var(--ast-global-color-5)","background-image":"","background-repeat":"repeat","background-position":"center center","background-size":"auto","background-attachment":"scroll","background-type":"","background-media":"","overlay-type":"","overlay-color":"","overlay-opacity":"","overlay-gradient":""},"tablet":{"background-color":"var(--ast-global-color-5)","background-image":"","background-repeat":"repeat","background-position":"center center","background-size":"auto","background-attachment":"scroll","background-type":"","background-media":"","overlay-type":"","overlay-color":"","overlay-opacity":"","overlay-gradient":""},"mobile":{"background-color":"var(--ast-global-color-5)","background-image":"","background-repeat":"repeat","background-position":"center center","background-size":"auto","background-attachment":"scroll","background-type":"","background-media":"","overlay-type":"","overlay-color":"","overlay-opacity":"","overlay-gradient":""}},"footnotes":""},"class_list":["post-820","page","type-page","status-publish","hentry"],"_links":{"self":[{"href":"https:\/\/aimagis.com\/es\/wp-json\/wp\/v2\/pages\/820","targetHints":{"allow":["GET"]}}],"collection":[{"href":"https:\/\/aimagis.com\/es\/wp-json\/wp\/v2\/pages"}],"about":[{"href":"https:\/\/aimagis.com\/es\/wp-json\/wp\/v2\/types\/page"}],"author":[{"embeddable":true,"href":"https:\/\/aimagis.com\/es\/wp-json\/wp\/v2\/users\/2"}],"replies":[{"embeddable":true,"href":"https:\/\/aimagis.com\/es\/wp-json\/wp\/v2\/comments?post=820"}],"version-history":[{"count":7,"href":"https:\/\/aimagis.com\/es\/wp-json\/wp\/v2\/pages\/820\/revisions"}],"predecessor-version":[{"id":907,"href":"https:\/\/aimagis.com\/es\/wp-json\/wp\/v2\/pages\/820\/revisions\/907"}],"wp:attachment":[{"href":"https:\/\/aimagis.com\/es\/wp-json\/wp\/v2\/media?parent=820"}],"curies":[{"name":"wp","href":"https:\/\/api.w.org\/{rel}","templated":true}]}}