{"id":820,"date":"2025-06-24T05:37:29","date_gmt":"2025-06-24T05:37:29","guid":{"rendered":"https:\/\/aimagis.com\/?page_id=820"},"modified":"2025-07-24T09:51:56","modified_gmt":"2025-07-24T09:51:56","slug":"installation-guide","status":"publish","type":"page","link":"https:\/\/aimagis.com\/de\/installation-guide\/","title":{"rendered":"Installationsanleitung"},"content":{"rendered":"<div data-elementor-type=\"wp-page\" data-elementor-id=\"820\" class=\"elementor elementor-820\" data-elementor-post-type=\"page\">\n\t\t\t\t<div class=\"elementor-element elementor-element-8430b93 e-flex e-con-boxed e-con e-parent\" data-id=\"8430b93\" data-element_type=\"container\">\n\t\t\t\t\t<div class=\"e-con-inner\">\n\t\t\t\t<div class=\"elementor-element elementor-element-1d798c1 elementor-widget elementor-widget-heading\" data-id=\"1d798c1\" data-element_type=\"widget\" data-widget_type=\"heading.default\">\n\t\t\t\t<div class=\"elementor-widget-container\">\n\t\t\t\t\t<h2 class=\"elementor-heading-title elementor-size-default\">Installationsanleitung<\/h2>\t\t\t\t<\/div>\n\t\t\t\t<\/div>\n\t\t\t\t\t<\/div>\n\t\t\t\t<\/div>\n\t\t<div class=\"elementor-element elementor-element-8d68180 e-flex e-con-boxed e-con e-parent\" data-id=\"8d68180\" data-element_type=\"container\">\n\t\t\t\t\t<div class=\"e-con-inner\">\n\t\t\t\t<div class=\"elementor-element elementor-element-0f7ed3c elementor-widget elementor-widget-text-editor\" data-id=\"0f7ed3c\" data-element_type=\"widget\" data-widget_type=\"text-editor.default\">\n\t\t\t\t<div class=\"elementor-widget-container\">\n\t\t\t\t\t\t\t\t\t<p>Wir bieten detaillierte Installationshandb\u00fccher f\u00fcr Rohrinspektionskameras, Bohrlochinspektionskameras, Teleskopmast-Inspektionskameras und Unterwasser-Fischereikameras, damit Sie unsere verschiedenen Produkte problemlos installieren k\u00f6nnen. Unsere Installationshandb\u00fccher sind sorgf\u00e4ltig mit klaren Schritten vorbereitet und mit Bildern illustriert, um sicherzustellen, dass Sie die Montage reibungslos durchf\u00fchren k\u00f6nnen.<\/p><p>Ganz gleich, ob Sie die Installation zum ersten Mal vornehmen oder detaillierte Schritte nachschlagen m\u00fcssen, unsere Installationsanleitungen bieten Ihnen umfassende Unterst\u00fctzung. Jeder Schritt enth\u00e4lt Bilder und eine Teilekennzeichnung, damit Sie w\u00e4hrend des Einbaus keine Details \u00fcbersehen.<\/p><p>Wenn Sie Fragen haben oder weitere Unterst\u00fctzung ben\u00f6tigen, wenden Sie sich bitte an das technische Support-Team von Aimagis.<\/p><h2><strong><b>Unterwasser-Fischereikameras<\/b><\/strong><strong><b>\u00a0Installationsvideo Einf\u00fchrung<\/b><\/strong><\/h2><p>Die Kameras der Aimaagis-Serie gibt es in verschiedenen Ausf\u00fchrungen, aber ihre Installationsmethoden sind weitgehend \u00e4hnlich. Sie k\u00f6nnen dem Installationsvideo folgen, um Ihre Kameras zu installieren. Die Installation ist einfach und leicht zu verstehen.<\/p><p>\u00a0<\/p>\t\t\t\t\t\t\t\t<\/div>\n\t\t\t\t<\/div>\n\t\t\t\t\t<\/div>\n\t\t\t\t<\/div>\n\t\t<div class=\"elementor-element elementor-element-6a1669d e-flex e-con-boxed e-con e-parent\" data-id=\"6a1669d\" data-element_type=\"container\">\n\t\t\t\t\t<div class=\"e-con-inner\">\n\t\t\t\t<div class=\"elementor-element elementor-element-ea2ca95 elementor-widget elementor-widget-video\" data-id=\"ea2ca95\" data-element_type=\"widget\" data-settings=\"{&quot;youtube_url&quot;:&quot;https:\\\/\\\/www.youtube.com\\\/watch?v=XHOmBV4js_E&quot;,&quot;video_type&quot;:&quot;youtube&quot;,&quot;controls&quot;:&quot;yes&quot;}\" data-widget_type=\"video.default\">\n\t\t\t\t<div class=\"elementor-widget-container\">\n\t\t\t\t\t\t\t<div class=\"elementor-wrapper elementor-open-inline\">\n\t\t\t<div class=\"elementor-video\"><\/div>\t\t<\/div>\n\t\t\t\t\t\t<\/div>\n\t\t\t\t<\/div>\n\t\t\t\t\t<\/div>\n\t\t\t\t<\/div>\n\t\t\t\t<\/div>","protected":false},"excerpt":{"rendered":"<p>Installation Guide We provide detailed installation manuals for Pipe inspection cameras, Borehole inspection cameras, Telescopic pole inspection cameras and Underwater fishing cameras\u00a0to help you easily install our various products. Our installation manuals are meticulously prepared with clear steps and illustrated with images, ensuring you can complete the assembly smoothly. Whether you are installing for the [&hellip;]<\/p>","protected":false},"author":2,"featured_media":0,"parent":0,"menu_order":0,"comment_status":"closed","ping_status":"closed","template":"","meta":{"site-sidebar-layout":"no-sidebar","site-content-layout":"","ast-site-content-layout":"full-width-container","site-content-style":"default","site-sidebar-style":"default","ast-global-header-display":"","ast-banner-title-visibility":"","ast-main-header-display":"","ast-hfb-above-header-display":"","ast-hfb-below-header-display":"","ast-hfb-mobile-header-display":"","site-post-title":"disabled","ast-breadcrumbs-content":"","ast-featured-img":"disabled","footer-sml-layout":"","theme-transparent-header-meta":"","adv-header-id-meta":"","stick-header-meta":"","header-above-stick-meta":"","header-main-stick-meta":"","header-below-stick-meta":"","astra-migrate-meta-layouts":"default","ast-page-background-enabled":"default","ast-page-background-meta":{"desktop":{"background-color":"var(--ast-global-color-4)","background-image":"","background-repeat":"repeat","background-position":"center center","background-size":"auto","background-attachment":"scroll","background-type":"","background-media":"","overlay-type":"","overlay-color":"","overlay-opacity":"","overlay-gradient":""},"tablet":{"background-color":"","background-image":"","background-repeat":"repeat","background-position":"center center","background-size":"auto","background-attachment":"scroll","background-type":"","background-media":"","overlay-type":"","overlay-color":"","overlay-opacity":"","overlay-gradient":""},"mobile":{"background-color":"","background-image":"","background-repeat":"repeat","background-position":"center center","background-size":"auto","background-attachment":"scroll","background-type":"","background-media":"","overlay-type":"","overlay-color":"","overlay-opacity":"","overlay-gradient":""}},"ast-content-background-meta":{"desktop":{"background-color":"var(--ast-global-color-5)","background-image":"","background-repeat":"repeat","background-position":"center center","background-size":"auto","background-attachment":"scroll","background-type":"","background-media":"","overlay-type":"","overlay-color":"","overlay-opacity":"","overlay-gradient":""},"tablet":{"background-color":"var(--ast-global-color-5)","background-image":"","background-repeat":"repeat","background-position":"center center","background-size":"auto","background-attachment":"scroll","background-type":"","background-media":"","overlay-type":"","overlay-color":"","overlay-opacity":"","overlay-gradient":""},"mobile":{"background-color":"var(--ast-global-color-5)","background-image":"","background-repeat":"repeat","background-position":"center center","background-size":"auto","background-attachment":"scroll","background-type":"","background-media":"","overlay-type":"","overlay-color":"","overlay-opacity":"","overlay-gradient":""}},"footnotes":""},"class_list":["post-820","page","type-page","status-publish","hentry"],"_links":{"self":[{"href":"https:\/\/aimagis.com\/de\/wp-json\/wp\/v2\/pages\/820","targetHints":{"allow":["GET"]}}],"collection":[{"href":"https:\/\/aimagis.com\/de\/wp-json\/wp\/v2\/pages"}],"about":[{"href":"https:\/\/aimagis.com\/de\/wp-json\/wp\/v2\/types\/page"}],"author":[{"embeddable":true,"href":"https:\/\/aimagis.com\/de\/wp-json\/wp\/v2\/users\/2"}],"replies":[{"embeddable":true,"href":"https:\/\/aimagis.com\/de\/wp-json\/wp\/v2\/comments?post=820"}],"version-history":[{"count":7,"href":"https:\/\/aimagis.com\/de\/wp-json\/wp\/v2\/pages\/820\/revisions"}],"predecessor-version":[{"id":907,"href":"https:\/\/aimagis.com\/de\/wp-json\/wp\/v2\/pages\/820\/revisions\/907"}],"wp:attachment":[{"href":"https:\/\/aimagis.com\/de\/wp-json\/wp\/v2\/media?parent=820"}],"curies":[{"name":"wp","href":"https:\/\/api.w.org\/{rel}","templated":true}]}}